{"id":46,"date":"2026-01-19T11:16:09","date_gmt":"2026-01-19T14:16:09","guid":{"rendered":"http:\/\/grupoxparts.com.br\/?page_id=46"},"modified":"2026-02-03T10:31:11","modified_gmt":"2026-02-03T13:31:11","slug":"home","status":"publish","type":"page","link":"https:\/\/grupoxparts.com.br\/","title":{"rendered":"Home"},"content":{"rendered":"<!-- wp:themify-builder\/canvas \/-->","protected":false},"excerpt":{"rendered":"","protected":false},"author":1,"featured_media":0,"parent":0,"menu_order":0,"comment_status":"closed","ping_status":"closed","template":"","meta":{"footnotes":""},"class_list":["post-46","page","type-page","status-publish","hentry","has-post-title","has-post-date","has-post-category","has-post-tag","has-post-comment","has-post-author",""],"builder_content":"<a href=\"http:\/\/grupoxparts.com.br\"> <img src=\"http:\/\/grupoxparts.com.br\/wp-content\/uploads\/2026\/01\/xparts.png\" width=\"150\" height=\"150\" title=\"Home\" alt=\"Home\"> <\/a>\n<h1>GRUPO XPARTS<\/h1>\n<p>PERFORMANCE SEM LIMITES<\/p>\n<p>Al\u00e9m da venda de pneus, somos especialistas em consultoria para importa\u00e7\u00e3o direta da China. Com mais de uma d\u00e9cada de experi\u00eancia no mercado asi\u00e1tico, dominamos todos os processos burocr\u00e1ticos, log\u00edsticos e comerciais necess\u00e1rios para uma importa\u00e7\u00e3o segura e lucrativa.<\/p>\n<a href=\"https:\/\/grupoxparts.com.br\/?page_id=209\" > IMPORTA\u00c7\u00c3O B2B <\/a>\n<a href=\"https:\/\/grupoxparts.com.br\/?page_id=387#\" > PNEUS LINHA PESADA <\/a>\n<p>Conhe\u00e7a o servi\u00e7o de importa\u00e7\u00e3o B2B\u00a0 Grupo XPARTS<\/p>\n<h3>IMPORTE DA CHINA COM SEGURAN\u00c7A<\/h3>\n<p>Grupo XPARTS - Sua ponte direta para importa\u00e7\u00e3o da China com seguran\u00e7a, agilidade e suporte local em Goi\u00e1s.<\/p> <p>O mercado brasileiro de autope\u00e7as tem buscado alternativas competitivas para atender a demanda crescente. A China consolidou-se como o maior produtor global de componentes automotivos, oferecendo tecnologia avan\u00e7ada a pre\u00e7os altamente competitivos.<\/p> <p>Empresas que conseguem importar de forma eficiente ganham vantagem significativa em margem de lucro e diversifica\u00e7\u00e3o de portf\u00f3lio. No entanto, a complexidade log\u00edstica e burocr\u00e1tica representa uma barreira para muitos neg\u00f3cios.<\/p> <p>Por esse motivo o Grupo XPARTS chega para trazer at\u00e9 voc\u00ea o melhor servi\u00e7o de importa\u00e7\u00e3o. Nosso time conta com profissionais com mais de 10 anos de experi\u00eancia em com\u00e9rcio exterior e conhecimento profundo do mercado asi\u00e1tico de autope\u00e7as.<\/p>\n<a href=\"https:\/\/grupoxparts.com.br\/?page_id=209\" > CONHECER O SERVI\u00c7O <\/a>\n<img src=\"http:\/\/grupoxparts.com.br\/wp-content\/uploads\/2026\/01\/1-1.png\" width=\"494\" height=\"631\" title=\"Home\" alt=\"Home\">\n\n<p>Sobre o Grupo XPARTS<\/p>\n<h3>EXCEL\u00caNCIA EM AUTO PE\u00c7AS<\/h3>\n<p>A<strong> Ronin Pneus <\/strong>, consolidada no mercado automotivo brasileiro, expande suas opera\u00e7\u00f5es com o lan\u00e7amento da GRUPOXPARTS, marca especializada na importa\u00e7\u00e3o direta de pe\u00e7as sobre rodas da China. Esta iniciativa representa nosso compromisso em oferecer solu\u00e7\u00f5es completas aos nossos clientes, unindo a confian\u00e7a e experi\u00eancia da Ronin Pneus \u00e0 qualidade e competitividade de produtos importados criteriosamente selecionados. Atrav\u00e9s da GRUPOXPARTS, garantimos um portf\u00f3lio ampliado de pe\u00e7as com pre\u00e7os acess\u00edveis, mantendo os mesmos padr\u00f5es de excel\u00eancia no atendimento e suporte t\u00e9cnico que nos tornaram refer\u00eancia no setor.<\/p> <p>Nossa miss\u00e3o \u00e9 fornecer pe\u00e7as e componentes que garantam o m\u00e1ximo desempenho do seu ve\u00edculo, com a confiabilidade que voc\u00ea merece. Trabalhamos com as melhores marcas do mercado nacional e internacional.<\/p> <p>Em breve, nossa loja online estar\u00e1 dispon\u00edvel para que voc\u00ea possa comprar com toda comodidade, sem abrir m\u00e3o da qualidade XPARTS.<\/p>\n<img src=\"http:\/\/grupoxparts.com.br\/wp-content\/uploads\/2026\/01\/download.jpeg\" width=\"736\" height=\"552\" title=\"Home\" alt=\"Home\">\n<p>Nossos PRODUTOS<\/p>\n<h3>CATEGORIAS<\/h3>\n<em style=\"background-color:#333333;color:#ee2312\" ><svg aria-hidden=\"true\"><use href=\"#tf-la-car-side-solid\"><\/use><\/svg><\/em> PE\u00c7AS PARA MOTOS\n<h4>AUTO PE\u00c7AS<\/h4> <p>Componentes automotivos de alta qualidade para carros nacionais e importados.<\/p>\n<em style=\"background-color:#333333;color:#ee2312\" ><svg aria-hidden=\"true\"><use href=\"#tf-la-biking-solid\"><\/use><\/svg><\/em> PE\u00c7AS PARA MOTOS\n<h4>PE\u00c7AS PARA MOTOS<\/h4> <p>Freios, suspens\u00e3o, motor, el\u00e9trica, escapamentos e muito mais para sua moto.<\/p>\n<em style=\"background-color:#333333;color:#ee2312\" ><svg aria-hidden=\"true\"><use href=\"#tf-fas-cogs\"><\/use><\/svg><\/em> PE\u00c7AS PARA MOTOS\n<h4>ACESS\u00d3RIOS<\/h4> <p>Acess\u00f3rios para customiza\u00e7\u00e3o e melhoria de performance do seu ve\u00edculo.<\/p>\n<em style=\"background-color:#333333;color:#ee2312\" ><svg aria-hidden=\"true\"><use href=\"#tf-fas-cogs\"><\/use><\/svg><\/em> PE\u00c7AS PARA MOTOS\n<h4>PERFORMANCE<\/h4> <p>Pe\u00e7as especiais para quem busca extrair o m\u00e1ximo de pot\u00eancia e desempenho.<\/p>\n<p>Por que escolher a XPARTS<\/p>\n<h3>NOSSOS DIFERENCIAIS<\/h3>\n<p>Mais do que pe\u00e7as, oferecemos uma experi\u00eancia completa para quem valoriza qualidade e performance.<\/p>\n<em style=\"background-color:#291111;color:#ee2312\" ><svg aria-hidden=\"true\"><use href=\"#tf-la-car-side-solid\"><\/use><\/svg><\/em> PE\u00c7AS PARA MOTOS\n<p>Produtos originais e de proced\u00eancia verificada<\/p>\n<em style=\"background-color:#291111;color:#ee2312\" ><svg aria-hidden=\"true\"><use href=\"#tf-la-cc-visa\"><\/use><\/svg><\/em> MELHORES CONDI\u00c7\u00d5ES\n<p>Pre\u00e7os competitivos e facilidades de pagamento<\/p>\n<em style=\"background-color:#291111;color:#ee2312\" ><svg aria-hidden=\"true\"><use href=\"#tf-la-boxes-solid\"><\/use><\/svg><\/em> GRANDE ESTOQUE\n<p>Variedade de produtos para pronta entrega<\/p>\n<em style=\"background-color:#291111;color:#ee2312\" ><svg aria-hidden=\"true\"><use href=\"#tf-la-clock\"><\/use><\/svg><\/em> AGILIDADE\n<p>Processos r\u00e1pidos para voc\u00ea n\u00e3o perder tempo<\/p>\n<em style=\"background-color:#291111;color:#ee2312\" ><svg aria-hidden=\"true\"><use href=\"#tf-la-headphones-solid\"><\/use><\/svg><\/em> ATENDIMENTO ESPECIALIZADO\n<p>Equipe t\u00e9cnica pronta para ajudar<\/p>\n<em style=\"background-color:#291111;color:#ee2312\" ><svg aria-hidden=\"true\"><use href=\"#tf-la-check-circle\"><\/use><\/svg><\/em> SATISFA\u00c7\u00c3O\n<p>Compromisso com a sua total satisfa\u00e7\u00e3o<\/p>\n<p>Fale com a GENTE<\/p>\n<h3>ENTRE EM CONTATO<\/h3>\n<p>Estamos prontos para atender voc\u00ea. Entre em contato e descubra como podemos ajudar com as pe\u00e7as que voc\u00ea precisa.<\/p>\n<em style=\"background-color:#291111;color:#ee2312\" ><svg aria-hidden=\"true\"><use href=\"#tf-la-phone-solid\"><\/use><\/svg><\/em> TELEFONE\n<p>(62) 99326-4408<\/p>\n<em style=\"background-color:#291111;color:#ee2312\" ><svg aria-hidden=\"true\"><use href=\"#tf-la-envelope\"><\/use><\/svg><\/em> E-MAIL\n<p>diretoria@grupoxparts.com.br<\/p>\n<em style=\"background-color:#291111;color:#ee2312\" ><svg aria-hidden=\"true\"><use href=\"#tf-la-map-marked-alt-solid\"><\/use><\/svg><\/em> LOCALIZA\u00c7\u00c3O\n<p>Av. Jos\u00e9 In\u00e1cio Sobrinho, 875, Setor Marab\u00e1, Goi\u00e2nia - GO<\/p>\n<em style=\"background-color:#291111;color:#ee2312\" ><svg aria-hidden=\"true\"><use href=\"#tf-la-clock\"><\/use><\/svg><\/em> HOR\u00c1RIO\n<p>Seg-Sex: 08:00 \u00e0s 18:00<\/p> <p>\u00a0<\/p>\n<a href=\"https:\/\/wa.me\/5562993264408\" target=\"_blank\" rel=\"noopener\"> CHAMAR NO WHATSAPP <\/a>\n<a href=\"http:\/\/grupoxparts.com.br\"> <img src=\"http:\/\/grupoxparts.com.br\/wp-content\/uploads\/2026\/01\/xparts.png\" width=\"150\" height=\"111\" title=\"Home\" alt=\"Home\"> <\/a>\n<p style=\"text-align: center;\">\u00a9\u00a0<a href=\"http:\/\/grupoxparts.com.br\/\">Grupoxparts<\/a> 2026 - Todos os direitos reservados<\/p> <p style=\"text-align: center;\">Feito por Boss M\u00eddia<\/p>","_links":{"self":[{"href":"https:\/\/grupoxparts.com.br\/index.php?rest_route=\/wp\/v2\/pages\/46","targetHints":{"allow":["GET"]}}],"collection":[{"href":"https:\/\/grupoxparts.com.br\/index.php?rest_route=\/wp\/v2\/pages"}],"about":[{"href":"https:\/\/grupoxparts.com.br\/index.php?rest_route=\/wp\/v2\/types\/page"}],"author":[{"embeddable":true,"href":"https:\/\/grupoxparts.com.br\/index.php?rest_route=\/wp\/v2\/users\/1"}],"replies":[{"embeddable":true,"href":"https:\/\/grupoxparts.com.br\/index.php?rest_route=%2Fwp%2Fv2%2Fcomments&post=46"}],"version-history":[{"count":178,"href":"https:\/\/grupoxparts.com.br\/index.php?rest_route=\/wp\/v2\/pages\/46\/revisions"}],"predecessor-version":[{"id":483,"href":"https:\/\/grupoxparts.com.br\/index.php?rest_route=\/wp\/v2\/pages\/46\/revisions\/483"}],"wp:attachment":[{"href":"https:\/\/grupoxparts.com.br\/index.php?rest_route=%2Fwp%2Fv2%2Fmedia&parent=46"}],"curies":[{"name":"wp","href":"https:\/\/api.w.org\/{rel}","templated":true}]}}